{"id":90,"date":"2022-11-10T14:39:55","date_gmt":"2022-11-10T14:39:55","guid":{"rendered":"https:\/\/maison2nd.com\/?page_id=90"},"modified":"2023-05-09T19:39:56","modified_gmt":"2023-05-09T19:39:56","slug":"marketing","status":"publish","type":"page","link":"https:\/\/maison2nd.com\/fr\/marketing\/","title":{"rendered":"Marketing"},"content":{"rendered":"<p class=\"has-text-align-left\">Vous souhaitez tirer un revenu de votre r\u00e9sidence secondaire en la louant comme g\u00eete, mais vous ne savez pas par o\u00f9 commencer ?<\/p>\n\n\n\n<p class=\"has-text-align-left\"><\/p>\n\n\n\n<p class=\"has-text-align-left\">Abi et Peter Lowth ont l'exp\u00e9rience de l'inscription et de la gestion de leurs propres g\u00eetes sur tous les sites de r\u00e9servation de vacances:-<\/p>\n\n\n\n<p><\/p>\n\n\n\n<ul class=\"wp-block-list\">\n<li>Booking.com<\/li>\n<\/ul>\n\n\n\n<figure class=\"wp-block-image size-large\"><img loading=\"lazy\" decoding=\"async\" width=\"1024\" height=\"642\" src=\"https:\/\/maison2nd.com\/wp-content\/uploads\/2023\/05\/Marketing-your-2ndhome-3-1024x642.png\" alt=\"\" class=\"wp-image-190\" srcset=\"https:\/\/maison2nd.com\/wp-content\/uploads\/2023\/05\/Marketing-your-2ndhome-3-1024x642.png 1024w, https:\/\/maison2nd.com\/wp-content\/uploads\/2023\/05\/Marketing-your-2ndhome-3-300x188.png 300w, https:\/\/maison2nd.com\/wp-content\/uploads\/2023\/05\/Marketing-your-2ndhome-3-768x482.png 768w, https:\/\/maison2nd.com\/wp-content\/uploads\/2023\/05\/Marketing-your-2ndhome-3.png 1148w\" sizes=\"auto, (max-width: 1024px) 100vw, 1024px\" \/><\/figure>\n\n\n\n<ul class=\"wp-block-list\">\n<li>Airbnb<\/li>\n<\/ul>\n\n\n\n<figure class=\"wp-block-image size-large\"><img loading=\"lazy\" decoding=\"async\" width=\"1024\" height=\"537\" src=\"https:\/\/maison2nd.com\/wp-content\/uploads\/2023\/05\/Marketing-your-2ndhome1-1024x537.png\" alt=\"\" class=\"wp-image-192\" srcset=\"https:\/\/maison2nd.com\/wp-content\/uploads\/2023\/05\/Marketing-your-2ndhome1-1024x537.png 1024w, https:\/\/maison2nd.com\/wp-content\/uploads\/2023\/05\/Marketing-your-2ndhome1-300x157.png 300w, https:\/\/maison2nd.com\/wp-content\/uploads\/2023\/05\/Marketing-your-2ndhome1-768x403.png 768w, https:\/\/maison2nd.com\/wp-content\/uploads\/2023\/05\/Marketing-your-2ndhome1.png 1208w\" sizes=\"auto, (max-width: 1024px) 100vw, 1024px\" \/><\/figure>\n\n\n\n<ul class=\"wp-block-list\">\n<li>Vrbo<\/li>\n<\/ul>\n\n\n\n<figure class=\"wp-block-image size-large\"><img loading=\"lazy\" decoding=\"async\" width=\"1024\" height=\"563\" src=\"https:\/\/maison2nd.com\/wp-content\/uploads\/2023\/05\/Marketing-your-2ndhome-5-1024x563.png\" alt=\"\" class=\"wp-image-193\" srcset=\"https:\/\/maison2nd.com\/wp-content\/uploads\/2023\/05\/Marketing-your-2ndhome-5-1024x563.png 1024w, https:\/\/maison2nd.com\/wp-content\/uploads\/2023\/05\/Marketing-your-2ndhome-5-300x165.png 300w, https:\/\/maison2nd.com\/wp-content\/uploads\/2023\/05\/Marketing-your-2ndhome-5-768x422.png 768w, https:\/\/maison2nd.com\/wp-content\/uploads\/2023\/05\/Marketing-your-2ndhome-5.png 1280w\" sizes=\"auto, (max-width: 1024px) 100vw, 1024px\" \/><\/figure>\n\n\n\n<ul class=\"wp-block-list\">\n<li>Cybevasion<\/li>\n<\/ul>\n\n\n\n<figure class=\"wp-block-image size-large\"><img loading=\"lazy\" decoding=\"async\" width=\"1024\" height=\"424\" src=\"https:\/\/maison2nd.com\/wp-content\/uploads\/2023\/05\/Marketing-your-2ndhome-4-1024x424.png\" alt=\"\" class=\"wp-image-191\" srcset=\"https:\/\/maison2nd.com\/wp-content\/uploads\/2023\/05\/Marketing-your-2ndhome-4-1024x424.png 1024w, https:\/\/maison2nd.com\/wp-content\/uploads\/2023\/05\/Marketing-your-2ndhome-4-300x124.png 300w, https:\/\/maison2nd.com\/wp-content\/uploads\/2023\/05\/Marketing-your-2ndhome-4-768x318.png 768w, https:\/\/maison2nd.com\/wp-content\/uploads\/2023\/05\/Marketing-your-2ndhome-4.png 1280w\" sizes=\"auto, (max-width: 1024px) 100vw, 1024px\" \/><\/figure>\n\n\n\n<ul class=\"wp-block-list\">\n<li>Local Tourist Boards<\/li>\n<\/ul>\n\n\n\n<ul class=\"wp-block-list\">\n<li>Individual websites <\/li>\n<\/ul>\n\n\n\n<p><\/p>\n\n\n\n<p>Forte de ses ann\u00e9es d'exp\u00e9rience dans le domaine du marketing, Abi est en mesure de proposer un ensemble complet de services :<\/p>\n\n\n\n<ul class=\"wp-block-list\">\n<li>le stylisme de votre propri\u00e9t\u00e9<\/li>\n<\/ul>\n\n\n\n<ul class=\"wp-block-list\">\n<li>prendre les photos<\/li>\n<\/ul>\n\n\n\n<ul class=\"wp-block-list\">\n<li>la cr\u00e9ation des comptes appropri\u00e9s sur les sites de r\u00e9servation et la gestion des r\u00e9servations et des calendriers.<\/li>\n<\/ul>\n\n\n\n<p><\/p>\n\n\n\n<figure class=\"wp-block-gallery has-nested-images columns-default is-cropped wp-block-gallery-1 is-layout-flex wp-block-gallery-is-layout-flex\">\n<figure class=\"wp-block-image size-large\"><img loading=\"lazy\" decoding=\"async\" width=\"225\" height=\"225\" data-id=\"202\" src=\"https:\/\/maison2nd.com\/wp-content\/uploads\/2023\/05\/twitter-logo.png\" alt=\"\" class=\"wp-image-202\" srcset=\"https:\/\/maison2nd.com\/wp-content\/uploads\/2023\/05\/twitter-logo.png 225w, https:\/\/maison2nd.com\/wp-content\/uploads\/2023\/05\/twitter-logo-150x150.png 150w\" sizes=\"auto, (max-width: 225px) 100vw, 225px\" \/><\/figure>\n\n\n\n<figure class=\"wp-block-image size-large\"><img loading=\"lazy\" decoding=\"async\" width=\"225\" height=\"225\" data-id=\"203\" src=\"https:\/\/maison2nd.com\/wp-content\/uploads\/2023\/05\/fb-logo-1.png\" alt=\"\" class=\"wp-image-203\" srcset=\"https:\/\/maison2nd.com\/wp-content\/uploads\/2023\/05\/fb-logo-1.png 225w, https:\/\/maison2nd.com\/wp-content\/uploads\/2023\/05\/fb-logo-1-150x150.png 150w\" sizes=\"auto, (max-width: 225px) 100vw, 225px\" \/><\/figure>\n\n\n\n<figure class=\"wp-block-image size-large\"><img loading=\"lazy\" decoding=\"async\" width=\"225\" height=\"225\" data-id=\"201\" src=\"https:\/\/maison2nd.com\/wp-content\/uploads\/2023\/05\/insta.jpg\" alt=\"\" class=\"wp-image-201\" srcset=\"https:\/\/maison2nd.com\/wp-content\/uploads\/2023\/05\/insta.jpg 225w, https:\/\/maison2nd.com\/wp-content\/uploads\/2023\/05\/insta-150x150.jpg 150w\" sizes=\"auto, (max-width: 225px) 100vw, 225px\" \/><\/figure>\n<\/figure>\n\n\n\n<p>Si vous choisissez d'avoir des comptes de m\u00e9dias sociaux pour votre propri\u00e9t\u00e9, ceux-ci peuvent \u00e9galement \u00eatre mis en place et g\u00e9r\u00e9s :<\/p>\n\n\n\n<p><\/p>\n\n\n\n<figure class=\"wp-block-image size-full\"><img loading=\"lazy\" decoding=\"async\" width=\"895\" height=\"603\" src=\"https:\/\/maison2nd.com\/wp-content\/uploads\/2023\/05\/Gites79-FB1.png\" alt=\"\" class=\"wp-image-194\" srcset=\"https:\/\/maison2nd.com\/wp-content\/uploads\/2023\/05\/Gites79-FB1.png 895w, https:\/\/maison2nd.com\/wp-content\/uploads\/2023\/05\/Gites79-FB1-300x202.png 300w, https:\/\/maison2nd.com\/wp-content\/uploads\/2023\/05\/Gites79-FB1-768x517.png 768w\" sizes=\"auto, (max-width: 895px) 100vw, 895px\" \/><\/figure>\n\n\n\n<div class=\"wp-block-group\"><div class=\"wp-block-group__inner-container is-layout-constrained wp-block-group-is-layout-constrained\">\n<figure class=\"wp-block-gallery has-nested-images columns-default is-cropped wp-block-gallery-2 is-layout-flex wp-block-gallery-is-layout-flex\">\n<figure class=\"wp-block-image size-large\"><img loading=\"lazy\" decoding=\"async\" width=\"599\" height=\"668\" data-id=\"208\" src=\"https:\/\/maison2nd.com\/wp-content\/uploads\/2023\/05\/Gites79-Twitter-2.png\" alt=\"\" class=\"wp-image-208\" srcset=\"https:\/\/maison2nd.com\/wp-content\/uploads\/2023\/05\/Gites79-Twitter-2.png 599w, https:\/\/maison2nd.com\/wp-content\/uploads\/2023\/05\/Gites79-Twitter-2-269x300.png 269w\" sizes=\"auto, (max-width: 599px) 100vw, 599px\" \/><\/figure>\n\n\n\n<figure class=\"wp-block-image size-large\"><img loading=\"lazy\" decoding=\"async\" width=\"539\" height=\"622\" data-id=\"209\" src=\"https:\/\/maison2nd.com\/wp-content\/uploads\/2023\/05\/Gites79-Twitter2-1.png\" alt=\"\" class=\"wp-image-209\" srcset=\"https:\/\/maison2nd.com\/wp-content\/uploads\/2023\/05\/Gites79-Twitter2-1.png 539w, https:\/\/maison2nd.com\/wp-content\/uploads\/2023\/05\/Gites79-Twitter2-1-260x300.png 260w\" sizes=\"auto, (max-width: 539px) 100vw, 539px\" \/><\/figure>\n<\/figure>\n<\/div><\/div>\n\n\n\n<p><\/p>\n\n\n\n<div style=\"height:100px\" aria-hidden=\"true\" class=\"wp-block-spacer\"><\/div>","protected":false},"excerpt":{"rendered":"<p>Want to earn an income from your second home by renting it out as a g\u00eete, but don&#8217;t know where to start? Abi &amp; Peter Lowth have experience of listing and managing their own g\u00eetes with all the regular holiday booking sites:- With years of marketing experience, Abi can provide the entire package including: If [&hellip;]<\/p>\n","protected":false},"author":1,"featured_media":0,"parent":0,"menu_order":0,"comment_status":"closed","ping_status":"closed","template":"","meta":{"_coblocks_attr":"","_coblocks_dimensions":"","_coblocks_responsive_height":"","_coblocks_accordion_ie_support":"","hide_page_title":"","footnotes":""},"class_list":["post-90","page","type-page","status-publish","hentry"],"_links":{"self":[{"href":"https:\/\/maison2nd.com\/fr\/wp-json\/wp\/v2\/pages\/90","targetHints":{"allow":["GET"]}}],"collection":[{"href":"https:\/\/maison2nd.com\/fr\/wp-json\/wp\/v2\/pages"}],"about":[{"href":"https:\/\/maison2nd.com\/fr\/wp-json\/wp\/v2\/types\/page"}],"author":[{"embeddable":true,"href":"https:\/\/maison2nd.com\/fr\/wp-json\/wp\/v2\/users\/1"}],"replies":[{"embeddable":true,"href":"https:\/\/maison2nd.com\/fr\/wp-json\/wp\/v2\/comments?post=90"}],"version-history":[{"count":10,"href":"https:\/\/maison2nd.com\/fr\/wp-json\/wp\/v2\/pages\/90\/revisions"}],"predecessor-version":[{"id":245,"href":"https:\/\/maison2nd.com\/fr\/wp-json\/wp\/v2\/pages\/90\/revisions\/245"}],"wp:attachment":[{"href":"https:\/\/maison2nd.com\/fr\/wp-json\/wp\/v2\/media?parent=90"}],"curies":[{"name":"wp","href":"https:\/\/api.w.org\/{rel}","templated":true}]}}