{"id":89,"date":"2022-11-10T14:39:55","date_gmt":"2022-11-10T14:39:55","guid":{"rendered":"https:\/\/maison2nd.com\/?page_id=89"},"modified":"2023-05-10T06:13:56","modified_gmt":"2023-05-10T06:13:56","slug":"welcome-service","status":"publish","type":"page","link":"https:\/\/maison2nd.com\/fr\/welcome-service\/","title":{"rendered":"Service d'accueil"},"content":{"rendered":"<div class=\"wp-block-columns is-layout-flex wp-container-core-columns-is-layout-9d6595d7 wp-block-columns-is-layout-flex\">\n<div class=\"wp-block-column is-layout-flow wp-block-column-is-layout-flow\" style=\"flex-basis:66.66%\">\n<figure class=\"wp-block-image size-full is-resized\"><img loading=\"lazy\" decoding=\"async\" src=\"https:\/\/maison2nd.com\/wp-content\/uploads\/2022\/11\/front-door3-2.jpg\" alt=\"\" class=\"wp-image-136\" width=\"445\" height=\"632\" srcset=\"https:\/\/maison2nd.com\/wp-content\/uploads\/2022\/11\/front-door3-2.jpg 297w, https:\/\/maison2nd.com\/wp-content\/uploads\/2022\/11\/front-door3-2-211x300.jpg 211w\" sizes=\"auto, (max-width: 445px) 100vw, 445px\" \/><\/figure>\n<\/div>\n\n\n\n<div class=\"wp-block-column is-layout-flow wp-block-column-is-layout-flow\" style=\"flex-basis:33.33%\">\n<p><\/p>\n\n\n\n<p><\/p>\n\n\n\n<p class=\"has-text-align-left\">Ayant poss\u00e9d\u00e9 une r\u00e9sidence secondaire en France, nous ne connaissons que trop bien les pi\u00e8ges que repr\u00e9sente le fait de laisser une propri\u00e9t\u00e9 sans surveillance pendant plusieurs mois entre deux visites. <\/p>\n\n\n\n<p class=\"has-text-align-center\"><\/p>\n\n\n\n<p class=\"has-text-align-left\">Nous savons \u00e0 quel point il peut \u00eatre d\u00e9courageant d'arriver et de devoir passer les premiers jours pr\u00e9cieux des vacances \u00e0 a\u00e9rer les pi\u00e8ces, \u00e0 nettoyer et \u00e0 ranger le jardin.<\/p>\n<\/div>\n<\/div>\n\n\n\n<p>Notre service d'accueil est compos\u00e9 de<\/p>\n\n\n\n<ul class=\"wp-block-list\">\n<li>nettoyage<\/li>\n<\/ul>\n\n\n\n<ul class=\"wp-block-list\">\n<li>faire les lits<\/li>\n<\/ul>\n\n\n\n<ul class=\"wp-block-list\">\n<li>l'entretien de base des propri\u00e9t\u00e9s<\/li>\n<\/ul>\n\n\n\n<ul class=\"wp-block-list\">\n<li>rangement du jardin <\/li>\n<\/ul>\n\n\n\n<ul class=\"wp-block-list\">\n<li>achats alimentaires<\/li>\n<\/ul>\n\n\n\n<p class=\"has-text-align-left\"><\/p>\n\n\n\n<p class=\"has-text-align-left\">Vous pouvez alors arriver en sachant qu'il vous suffit d'ouvrir la porte, de d\u00e9baller la voiture, de verser le vin et de profiter de votre deuxi\u00e8me maison. <\/p>\n\n\n\n<p><\/p>\n\n\n\n<p class=\"has-text-align-left\">Un service sur mesure est propos\u00e9 car chaque propri\u00e9t\u00e9 et chaque propri\u00e9taire sont diff\u00e9rents et ont des exigences vari\u00e9es. Veuillez nous contacter pour de plus amples informations et pour conna\u00eetre nos tarifs. <\/p>\n\n\n\n<p><\/p>\n\n\n\n<p><\/p>\n\n\n\n<div class=\"wp-block-buttons is-content-justification-center is-layout-flex wp-container-core-buttons-is-layout-16018d1d wp-block-buttons-is-layout-flex\">\n<div class=\"wp-block-button\"><a class=\"wp-block-button__link wp-element-button\" href=\"mailto:info@maison2nd.com\" target=\"_blank\" rel=\"noreferrer noopener\"><strong>Contact Abi<\/strong><\/a><\/div>\n<\/div>\n\n\n\n<h3 class=\"wp-block-heading has-text-align-center\">Louez-vous votre maison secondaire ?<\/h3>\n\n\n\n<p class=\"has-text-align-left\">Nous proposons \u00e9galement un service d'accueil des h\u00f4tes pour les propri\u00e9taires de r\u00e9sidences secondaires qui louent leurs biens et souhaitent un contact et un service local pour pr\u00e9parer leurs biens.<\/p>\n\n\n\n<p class=\"has-text-align-left\"><\/p>\n\n\n\n<p class=\"has-text-align-left\">Maison Secondaire pr\u00e9parera votre propri\u00e9t\u00e9 pour chaque p\u00e9riode de location avec le nettoyage, la pr\u00e9paration des lits, les paquets de bienvenue, etc.  Un service similaire est \u00e9galement propos\u00e9 au moment du d\u00e9part, pour dire au revoir \u00e0 vos invit\u00e9s, s'assurer qu'ils ont pass\u00e9 un bon s\u00e9jour et nettoyer votre maison.<\/p>\n\n\n\n<p class=\"has-text-align-left\">Nous pouvons \u00e9galement fournir un service de blanchisserie pour chaque changement.<\/p>\n\n\n\n<p class=\"has-text-align-left\"><\/p>\n\n\n\n<p class=\"has-text-align-left\">Pour plus d'informations et pour discuter de vos options :<\/p>\n\n\n\n<p><\/p>\n\n\n\n<div class=\"wp-block-buttons is-content-justification-center is-layout-flex wp-container-core-buttons-is-layout-16018d1d wp-block-buttons-is-layout-flex\">\n<div class=\"wp-block-button\"><a class=\"wp-block-button__link wp-element-button\" href=\"mailto:info@maison2nd.com\"><strong>Contact Abi<\/strong><\/a><\/div>\n<\/div>\n\n\n\n<p><\/p>","protected":false},"excerpt":{"rendered":"<p>Having owned a second home in France, we know only too well the pitfalls of leaving a property unattended for several months between visits. We appreciate just how dispiriting it can be when you arrive and have to spend those first precious few days of a holiday airing rooms, cleaning and tidying the garden. Our [&hellip;]<\/p>\n","protected":false},"author":1,"featured_media":0,"parent":0,"menu_order":0,"comment_status":"closed","ping_status":"closed","template":"","meta":{"_coblocks_attr":"","_coblocks_dimensions":"","_coblocks_responsive_height":"","_coblocks_accordion_ie_support":"","hide_page_title":"","footnotes":""},"class_list":["post-89","page","type-page","status-publish","hentry"],"_links":{"self":[{"href":"https:\/\/maison2nd.com\/fr\/wp-json\/wp\/v2\/pages\/89","targetHints":{"allow":["GET"]}}],"collection":[{"href":"https:\/\/maison2nd.com\/fr\/wp-json\/wp\/v2\/pages"}],"about":[{"href":"https:\/\/maison2nd.com\/fr\/wp-json\/wp\/v2\/types\/page"}],"author":[{"embeddable":true,"href":"https:\/\/maison2nd.com\/fr\/wp-json\/wp\/v2\/users\/1"}],"replies":[{"embeddable":true,"href":"https:\/\/maison2nd.com\/fr\/wp-json\/wp\/v2\/comments?post=89"}],"version-history":[{"count":17,"href":"https:\/\/maison2nd.com\/fr\/wp-json\/wp\/v2\/pages\/89\/revisions"}],"predecessor-version":[{"id":247,"href":"https:\/\/maison2nd.com\/fr\/wp-json\/wp\/v2\/pages\/89\/revisions\/247"}],"wp:attachment":[{"href":"https:\/\/maison2nd.com\/fr\/wp-json\/wp\/v2\/media?parent=89"}],"curies":[{"name":"wp","href":"https:\/\/api.w.org\/{rel}","templated":true}]}}