{"id":30,"date":"2023-05-09T10:43:11","date_gmt":"2023-05-09T10:43:11","guid":{"rendered":"https:\/\/maison2nd.com\/cakes-tarts\/"},"modified":"2026-03-25T14:03:02","modified_gmt":"2026-03-25T14:03:02","slug":"maintenance","status":"publish","type":"page","link":"https:\/\/maison2nd.com\/fr\/maintenance\/","title":{"rendered":"Travaux d'entretien"},"content":{"rendered":"<figure class=\"wp-block-image alignwide size-full\"><img loading=\"lazy\" decoding=\"async\" width=\"660\" height=\"360\" src=\"https:\/\/maison2nd.com\/wp-content\/uploads\/2022\/11\/garden2.jpg\" alt=\"\" class=\"wp-image-48\" srcset=\"https:\/\/maison2nd.com\/wp-content\/uploads\/2022\/11\/garden2.jpg 660w, https:\/\/maison2nd.com\/wp-content\/uploads\/2022\/11\/garden2-300x164.jpg 300w\" sizes=\"auto, (max-width: 660px) 100vw, 660px\" \/><\/figure>\n\n\n\n<p>We offer a range of <strong>Garden Maintenance<\/strong> services including;<\/p>\n\n\n\n<p> tondre le gazon, couper les haies et d\u00e9sherber de mani\u00e8re r\u00e9guli\u00e8re ou ponctuelle.<\/p>\n\n\n\n<p><\/p>\n\n\n\n<p class=\"has-text-align-left\">Les tarifs varient en fonction du travail \u00e0 effectuer et de l'endroit o\u00f9 vous vous trouvez.<\/p>\n\n\n\n<p class=\"has-text-align-left\">Envoyez un mail \u00e0 Peter pour discuter de vos besoins.<\/p>\n\n\n\n<p class=\"has-text-align-left\"><\/p>\n\n\n\n<div class=\"wp-block-buttons is-content-justification-center is-layout-flex wp-container-core-buttons-is-layout-16018d1d wp-block-buttons-is-layout-flex\">\n<div class=\"wp-block-button\"><a class=\"wp-block-button__link wp-element-button\" href=\"mailto:info@maison2nd.com\" target=\"_blank\" rel=\"noreferrer noopener\"><strong>C<\/strong>ontact Peter<\/a><\/div>\n<\/div>\n\n\n\n<p><\/p>\n\n\n\n<p class=\"has-text-align-left\">We offer a range of <strong>House Maintenance <\/strong>services including;<\/p>\n\n\n\n<p class=\"has-text-align-left\">nettoyage en profondeur, nettoyage hebdomadaire, blanchisserie, entretien de base (robinets qui gouttent, retouches de peinture) sur une base r\u00e9guli\u00e8re ou ad hoc.<\/p>\n\n\n\n<p class=\"has-text-align-left\">Les tarifs varient en fonction du travail \u00e0 effectuer et de l'endroit o\u00f9 vous vous trouvez.<\/p>\n\n\n\n<p class=\"has-text-align-left\">Envoyez un mail \u00e0 Abi pour discuter de vos besoins.<\/p>\n\n\n\n<p><\/p>\n\n\n\n<div class=\"wp-block-buttons is-content-justification-center is-layout-flex wp-container-core-buttons-is-layout-16018d1d wp-block-buttons-is-layout-flex\">\n<div class=\"wp-block-button\"><a class=\"wp-block-button__link wp-element-button\" href=\"mailto:info@maison2nd.com\" target=\"_blank\" rel=\"noreferrer noopener\"><strong>Contact Abi<\/strong><\/a><\/div>\n<\/div>\n\n\n\n<figure class=\"wp-block-image size-full\"><img loading=\"lazy\" decoding=\"async\" width=\"1024\" height=\"734\" src=\"https:\/\/maison2nd.com\/wp-content\/uploads\/2024\/01\/thank-you-card.jpeg\" alt=\"\" class=\"wp-image-275\" srcset=\"https:\/\/maison2nd.com\/wp-content\/uploads\/2024\/01\/thank-you-card.jpeg 1024w, https:\/\/maison2nd.com\/wp-content\/uploads\/2024\/01\/thank-you-card-300x215.jpeg 300w, https:\/\/maison2nd.com\/wp-content\/uploads\/2024\/01\/thank-you-card-768x551.jpeg 768w, https:\/\/maison2nd.com\/wp-content\/uploads\/2024\/01\/thank-you-card-18x12.jpeg 18w\" sizes=\"auto, (max-width: 1024px) 100vw, 1024px\" \/><\/figure>\n\n\n\n<p><\/p>\n\n\n\n<p><\/p>\n\n\n\n<p>We also offer a <strong>Key Holding <\/strong>service.  <\/p>\n\n\n\n<p>For regular maintenance customers, who use our mowing or cleaning services on a monthly basis, we include our key holding service free of charge.  However, if you would simply like the peace of mind of having a second set of keys kept securely in France, near your second home, then our key holding service charge is \u20ac20.00 per month.  <\/p>\n\n\n\n<p><\/p>","protected":false},"excerpt":{"rendered":"<p>We offer a range of Garden Maintenance services including; lawn-mowing, strimming, hedge-cutting and weeding on a regular or ad hoc basis. Rates vary dependent upon the work required and your location. Email Peter to discuss your requirements. We offer a range of House Maintenance services including; deep clean, weekly cleaning, laundry, basic maintenance (dripping taps, [&hellip;]<\/p>\n","protected":false},"author":1,"featured_media":0,"parent":0,"menu_order":0,"comment_status":"closed","ping_status":"closed","template":"","meta":{"_coblocks_attr":"","_coblocks_dimensions":"","_coblocks_responsive_height":"","_coblocks_accordion_ie_support":"","hide_page_title":"","footnotes":""},"class_list":["post-30","page","type-page","status-publish","hentry"],"_links":{"self":[{"href":"https:\/\/maison2nd.com\/fr\/wp-json\/wp\/v2\/pages\/30","targetHints":{"allow":["GET"]}}],"collection":[{"href":"https:\/\/maison2nd.com\/fr\/wp-json\/wp\/v2\/pages"}],"about":[{"href":"https:\/\/maison2nd.com\/fr\/wp-json\/wp\/v2\/types\/page"}],"author":[{"embeddable":true,"href":"https:\/\/maison2nd.com\/fr\/wp-json\/wp\/v2\/users\/1"}],"replies":[{"embeddable":true,"href":"https:\/\/maison2nd.com\/fr\/wp-json\/wp\/v2\/comments?post=30"}],"version-history":[{"count":15,"href":"https:\/\/maison2nd.com\/fr\/wp-json\/wp\/v2\/pages\/30\/revisions"}],"predecessor-version":[{"id":283,"href":"https:\/\/maison2nd.com\/fr\/wp-json\/wp\/v2\/pages\/30\/revisions\/283"}],"wp:attachment":[{"href":"https:\/\/maison2nd.com\/fr\/wp-json\/wp\/v2\/media?parent=30"}],"curies":[{"name":"wp","href":"https:\/\/api.w.org\/{rel}","templated":true}]}}