{"id":3,"date":"2022-11-10T10:41:31","date_gmt":"2022-11-10T10:41:31","guid":{"rendered":"https:\/\/maison2nd.com\/?page_id=3"},"modified":"2023-05-10T10:08:35","modified_gmt":"2023-05-10T10:08:35","slug":"privacy-policy","status":"publish","type":"page","link":"https:\/\/maison2nd.com\/fr\/privacy-policy\/","title":{"rendered":"Politique de protection des\ndonn\u00e9es"},"content":{"rendered":"<p>Maison Secondaire s'engage \u00e0 prot\u00e9ger votre vie priv\u00e9e. <\/p>\n\n\n\n<p>Contactez-nous \u00e0&nbsp;<a href=\"mailto:contact@ammfrance.com\">info@maison2nd.com<\/a>&nbsp;si vous avez des questions ou des probl\u00e8mes concernant l'utilisation de vos donn\u00e9es personnelles et nous serons heureux de vous aider.<\/p>\n\n\n\n<p>En utilisant ce site et\/ou nos services, vous consentez au traitement de vos donn\u00e9es \u00e0 caract\u00e8re personnel tel que d\u00e9crit dans la pr\u00e9sente politique de confidentialit\u00e9.<\/p>\n\n\n\n<p><\/p>\n\n\n\n<p><\/p>\n\n\n\n<h5 class=\"wp-block-heading\" id=\"gdpr-definitions\">D\u00e9finitions<\/h5>\n\n\n\n<p><strong>Donn\u00e9es personnelles<\/strong>&nbsp;- toute information relative \u00e0 une personne physique identifi\u00e9e ou identifiable.<br><strong>Traitement des donn\u00e9es<\/strong>&nbsp;- toute op\u00e9ration ou ensemble d'op\u00e9rations effectu\u00e9es sur des donn\u00e9es \u00e0 caract\u00e8re personnel ou sur des ensembles de donn\u00e9es \u00e0 caract\u00e8re personnel.<br><strong>Personne concern\u00e9e<\/strong>&nbsp;- une personne physique dont les donn\u00e9es \u00e0 caract\u00e8re personnel sont trait\u00e9es.<br><strong>Enfant<\/strong>&nbsp;- une personne physique \u00e2g\u00e9e de moins de 16 ans.<br><strong>Nous\/notre<\/strong>&nbsp;(either capitalized or not)&nbsp;\u2013 Maison Secondaire<\/p>\n\n\n\n<p><\/p>\n\n\n\n<h5 class=\"wp-block-heading\" id=\"gdpr-principles\">Principes de protection des donn\u00e9es<\/h5>\n\n\n\n<p>Nous nous engageons \u00e0 respecter les principes suivants en mati\u00e8re de protection des donn\u00e9es :<\/p>\n\n\n\n<ul class=\"wp-block-list\">\n<li>Le traitement est licite, \u00e9quitable et transparent. Nos activit\u00e9s de traitement sont fond\u00e9es sur des motifs l\u00e9gitimes. Nous prenons toujours en consid\u00e9ration vos droits avant de traiter des donn\u00e9es \u00e0 caract\u00e8re personnel. Nous vous fournirons des informations concernant le traitement sur demande.<\/li>\n\n\n\n<li>Le traitement est limit\u00e9 \u00e0 la finalit\u00e9. Nos activit\u00e9s de traitement correspondent \u00e0 la finalit\u00e9 pour laquelle les donn\u00e9es personnelles ont \u00e9t\u00e9 collect\u00e9es.<\/li>\n\n\n\n<li>Le traitement est effectu\u00e9 avec un minimum de donn\u00e9es. Nous ne recueillons et ne traitons que la quantit\u00e9 minimale de donn\u00e9es \u00e0 caract\u00e8re personnel n\u00e9cessaire \u00e0 toute fin.<\/li>\n\n\n\n<li>Le traitement est limit\u00e9 dans le temps. Nous ne conserverons pas vos donn\u00e9es personnelles plus longtemps que n\u00e9cessaire.<\/li>\n\n\n\n<li>Nous ferons de notre mieux pour garantir l'exactitude des donn\u00e9es.<\/li>\n\n\n\n<li>Nous ferons de notre mieux pour garantir l'int\u00e9grit\u00e9 et la confidentialit\u00e9 des donn\u00e9es.<\/li>\n<\/ul>\n\n\n\n<h5 class=\"wp-block-heading\" id=\"gdpr-rights\">Droits des personnes concern\u00e9es<\/h5>\n\n\n\n<p>La personne concern\u00e9e a les droits suivants :<\/p>\n\n\n\n<ol class=\"wp-block-list\">\n<li>Droit \u00e0 l'information - ce qui signifie que vous avez le droit de savoir si vos donn\u00e9es personnelles sont trait\u00e9es ; quelles donn\u00e9es sont collect\u00e9es, d'o\u00f9 elles proviennent et pourquoi et par qui elles sont trait\u00e9es.<\/li>\n\n\n\n<li>Droit d'acc\u00e8s - ce qui signifie que vous avez le droit d'acc\u00e9der aux donn\u00e9es collect\u00e9es aupr\u00e8s de vous ou \u00e0 votre sujet. Cela comprend le droit de demander et d'obtenir une copie des donn\u00e9es \u00e0 caract\u00e8re personnel recueillies.<\/li>\n\n\n\n<li>Droit de rectification - ce qui signifie que vous avez le droit de demander la rectification ou l'effacement de vos donn\u00e9es \u00e0 caract\u00e8re personnel qui sont inexactes ou incompl\u00e8tes.<\/li>\n\n\n\n<li>Droit \u00e0 l'effacement : dans certaines circonstances, vous pouvez demander \u00e0 ce que vos donn\u00e9es personnelles soient effac\u00e9es de nos registres.<\/li>\n\n\n\n<li>Droit de restreindre le traitement - c'est-\u00e0-dire que lorsque certaines conditions s'appliquent, vous avez le droit de restreindre le traitement de vos donn\u00e9es \u00e0 caract\u00e8re personnel.<\/li>\n\n\n\n<li>Droit d'opposition au traitement - dans certains cas, vous avez le droit de vous opposer au traitement de vos donn\u00e9es personnelles, par exemple dans le cas du marketing direct.<\/li>\n\n\n\n<li>Droit d'opposition au traitement automatis\u00e9 - ce qui signifie que vous avez le droit de vous opposer au traitement automatis\u00e9, y compris au profilage, et de ne pas faire l'objet d'une d\u00e9cision fond\u00e9e exclusivement sur le traitement automatis\u00e9. Vous pouvez exercer ce droit chaque fois que le profilage produit des effets juridiques vous concernant ou vous affectant de mani\u00e8re significative.<\/li>\n\n\n\n<li>Droit \u00e0 la portabilit\u00e9 des donn\u00e9es - vous avez le droit d'obtenir vos donn\u00e9es personnelles dans un format lisible par machine ou, si cela est possible, sous forme de transfert direct d'un sous-traitant \u00e0 un autre.<\/li>\n\n\n\n<li>Droit de d\u00e9poser une plainte - si nous refusons votre demande au titre du droit d'acc\u00e8s, nous vous en donnerons la raison. Si vous n'\u00eates pas satisfait de la mani\u00e8re dont votre demande a \u00e9t\u00e9 trait\u00e9e, veuillez nous contacter.<\/li>\n\n\n\n<li>Droit \u00e0 l'aide de&nbsp;<a href=\"https:\/\/livingmagazine.fr\/privacy-policy\/#gdpr-contact\">autorit\u00e9 de contr\u00f4le<\/a>&nbsp;- Cela signifie que vous avez le droit d'obtenir l'aide d'une autorit\u00e9 de contr\u00f4le et le droit d'exercer d'autres recours juridiques tels que la demande de dommages-int\u00e9r\u00eats.<\/li>\n\n\n\n<li>Droit de retirer son consentement - vous avez le droit de retirer tout consentement donn\u00e9 pour le traitement de vos donn\u00e9es \u00e0 caract\u00e8re personnel.<\/li>\n<\/ol>\n\n\n\n<h5 class=\"wp-block-heading\" id=\"gdpr-information\">Donn\u00e9es collect\u00e9es<\/h5>\n\n\n\n<p><strong>Informations que vous nous avez communiqu\u00e9es<\/strong><br>Il peut s'agir de votre adresse \u00e9lectronique, de votre nom, de votre adresse de facturation, de votre adresse personnelle, etc. - principalement des informations n\u00e9cessaires pour vous fournir un produit\/service ou pour am\u00e9liorer votre exp\u00e9rience en tant que client. Nous enregistrons les informations que vous nous fournissez pour vous permettre de faire des commentaires ou d'effectuer d'autres activit\u00e9s sur le site web. Ces informations comprennent, par exemple, votre nom et votre adresse \u00e9lectronique.<\/p>\n\n\n\n<p><strong>Informations collect\u00e9es automatiquement \u00e0 votre sujet<\/strong><br>Il s'agit d'informations stock\u00e9es automatiquement par des cookies et d'autres outils de session. Par exemple, les informations relatives \u00e0 votre panier d'achat, votre adresse IP, votre historique d'achat (le cas \u00e9ch\u00e9ant), etc. Ces informations sont utilis\u00e9es pour am\u00e9liorer votre exp\u00e9rience en tant que client. Lorsque vous utilisez nos services ou consultez le contenu de notre site web, vos activit\u00e9s peuvent \u00eatre enregistr\u00e9es.<\/p>\n\n\n\n<p><strong>Informations disponibles au public<\/strong><br>Nous pouvons recueillir des informations sur vous qui sont accessibles au public.<\/p>\n\n\n\n<p><\/p>\n\n\n\n<h5 class=\"wp-block-heading\" id=\"gdpr-processing\">Comment nous utilisons vos donn\u00e9es personnelles<\/h5>\n\n\n\n<p>Nous utilisons vos donn\u00e9es personnelles pour :<\/p>\n\n\n\n<ul class=\"wp-block-list\">\n<li>vous fournir nos services. Il s'agit par exemple d'enregistrer votre compte, de vous fournir d'autres produits et services que vous avez demand\u00e9s, de vous fournir des articles promotionnels \u00e0 votre demande et de communiquer avec vous au sujet de ces produits et services, de communiquer et d'interagir avec vous et de vous informer des changements apport\u00e9s \u00e0 tout service.<\/li>\n\n\n\n<li>am\u00e9liorer l'exp\u00e9rience des clients ;<\/li>\n\n\n\n<li>remplir une obligation l\u00e9gale ou contractuelle.<\/li>\n<\/ul>\n\n\n\n<p>Nous utilisons vos donn\u00e9es personnelles pour des motifs l\u00e9gitimes et\/ou avec votre consentement.<\/p>\n\n\n\n<p>Dans le cadre de la conclusion d'un contrat ou de l'ex\u00e9cution d'obligations contractuelles, nous traitons vos donn\u00e9es \u00e0 caract\u00e8re personnel aux fins suivantes :<\/p>\n\n\n\n<ul class=\"wp-block-list\">\n<li>\u00e0 vous identifier ;<\/li>\n\n\n\n<li>pour vous fournir un service ou vous envoyer\/offrir un produit ;<\/li>\n\n\n\n<li>communiquer pour la vente ou la facturation<\/li>\n<\/ul>\n\n\n\n<p>Sur la base de l'int\u00e9r\u00eat l\u00e9gitime, nous traitons vos donn\u00e9es \u00e0 caract\u00e8re personnel aux fins suivantes :<\/p>\n\n\n\n<ul class=\"wp-block-list\">\n<li>pour vous envoyer des offres personnalis\u00e9es* (de notre part et\/ou de celle de nos partenaires soigneusement s\u00e9lectionn\u00e9s) ;<\/li>\n\n\n\n<li>g\u00e9rer et analyser notre base de clients (comportement et historique d'achat) afin d'am\u00e9liorer la qualit\u00e9, la vari\u00e9t\u00e9 et la disponibilit\u00e9 des produits\/services offerts\/fournis ;<\/li>\n\n\n\n<li>de r\u00e9aliser des questionnaires sur la satisfaction des clients.<\/li>\n<\/ul>\n\n\n\n<p>Tant que vous ne nous avez pas inform\u00e9s du contraire, nous consid\u00e9rons qu'il est de notre int\u00e9r\u00eat l\u00e9gitime de vous proposer des produits\/services similaires ou identiques \u00e0 votre historique d'achat\/comportement de navigation.<\/p>\n\n\n\n<p>Sur la base de l'int\u00e9r\u00eat l\u00e9gitime, nous traitons vos donn\u00e9es \u00e0 caract\u00e8re personnel aux fins suivantes :<\/p>\n\n\n\n<ul class=\"wp-block-list\">\n<li>pour vous envoyer des offres personnalis\u00e9es* (de notre part et\/ou de celle de nos partenaires soigneusement s\u00e9lectionn\u00e9s) ;<\/li>\n\n\n\n<li>\u00e0 d'autres fins pour lesquelles nous avons demand\u00e9 votre consentement.<\/li>\n<\/ul>\n\n\n\n<p>Nous traitons vos donn\u00e9es \u00e0 caract\u00e8re personnel afin de remplir les obligations d\u00e9coulant de la loi et\/ou d'utiliser vos donn\u00e9es \u00e0 caract\u00e8re personnel pour les options pr\u00e9vues par la loi. Nous nous r\u00e9servons le droit d'anonymiser les donn\u00e9es \u00e0 caract\u00e8re personnel recueillies et d'utiliser ces donn\u00e9es. Nous n'utiliserons les donn\u00e9es en dehors du champ d'application de la pr\u00e9sente politique que lorsqu'elles auront \u00e9t\u00e9 rendues anonymes. Nous conservons vos informations de facturation et d'autres informations recueillies \u00e0 votre sujet aussi longtemps que n\u00e9cessaire \u00e0 des fins de comptabilit\u00e9 ou d'autres obligations d\u00e9coulant de la loi, mais pas plus de dix ans.<\/p>\n\n\n\n<p>Nous pouvons traiter vos donn\u00e9es \u00e0 caract\u00e8re personnel \u00e0 des fins suppl\u00e9mentaires qui ne sont pas mentionn\u00e9es ici, mais qui sont compatibles avec l'objectif initial pour lequel les donn\u00e9es ont \u00e9t\u00e9 collect\u00e9es. Pour ce faire, nous nous assurerons que<\/p>\n\n\n\n<ul class=\"wp-block-list\">\n<li>le lien entre les finalit\u00e9s, le contexte et la nature des donn\u00e9es \u00e0 caract\u00e8re personnel est adapt\u00e9 \u00e0 la poursuite du traitement ;<\/li>\n\n\n\n<li>le traitement ult\u00e9rieur ne portera pas atteinte \u00e0 vos int\u00e9r\u00eats et<\/li>\n\n\n\n<li>il y aurait une protection appropri\u00e9e pour le traitement.<\/li>\n<\/ul>\n\n\n\n<p>Nous vous informerons de tout traitement ult\u00e9rieur et de ses finalit\u00e9s.<\/p>\n\n\n\n<p><\/p>\n\n\n\n<h5 class=\"wp-block-heading\" id=\"gdpr-sharing\">Qui d'autre peut acc\u00e9der \u00e0 vos donn\u00e9es personnelles ?<\/h5>\n\n\n\n<p>Nous ne partageons pas vos donn\u00e9es personnelles avec des \u00e9trangers. Dans certains cas, les donn\u00e9es personnelles vous concernant sont communiqu\u00e9es \u00e0 nos partenaires de confiance afin de rendre possible la fourniture du service ou d'am\u00e9liorer votre exp\u00e9rience en tant que client.<strong><\/strong><\/p>\n\n\n\n<p>Nous ne travaillons qu'avec des partenaires de traitement qui sont en mesure de garantir un niveau de protection ad\u00e9quat de vos donn\u00e9es \u00e0 caract\u00e8re personnel. Nous divulguons vos donn\u00e9es \u00e0 caract\u00e8re personnel \u00e0 des tiers ou \u00e0 des agents publics lorsque nous sommes l\u00e9galement tenus de le faire. Nous pouvons divulguer vos donn\u00e9es \u00e0 caract\u00e8re personnel \u00e0 des tiers si vous y avez consenti ou s'il existe d'autres motifs l\u00e9gaux de le faire.<\/p>\n\n\n\n<p><\/p>\n\n\n\n<h5 class=\"wp-block-heading\" id=\"gdpr-security\">Comment nous prot\u00e9geons vos donn\u00e9es<\/h5>\n\n\n\n<p>Nous faisons de notre mieux pour assurer la s\u00e9curit\u00e9 de vos donn\u00e9es personnelles.  Nous utilisons des protocoles s\u00fbrs pour la communication et le transfert de donn\u00e9es (tels que HTTPS). Nous recourons \u00e0 l'anonymisation et \u00e0 la pseudonymisation lorsque cela s'av\u00e8re n\u00e9cessaire. Nous surveillons nos syst\u00e8mes pour d\u00e9tecter d'\u00e9ventuelles vuln\u00e9rabilit\u00e9s et attaques.<\/p>\n\n\n\n<p>M\u00eame si nous faisons de notre mieux, nous ne pouvons pas garantir la s\u00e9curit\u00e9 des informations. Toutefois, nous nous engageons \u00e0 informer les autorit\u00e9s comp\u00e9tentes en cas de violation des donn\u00e9es. Nous vous informerons \u00e9galement en cas de menace pour vos droits ou vos int\u00e9r\u00eats. Nous ferons tout ce qui est raisonnablement possible pour pr\u00e9venir les atteintes \u00e0 la s\u00e9curit\u00e9 et pour aider les autorit\u00e9s en cas d'atteinte \u00e0 la s\u00e9curit\u00e9.<\/p>\n\n\n\n<p>Si vous avez un compte chez nous, notez que vous devez garder votre nom d'utilisateur et votre mot de passe secrets.<\/p>\n\n\n\n<p><\/p>\n\n\n\n<h5 class=\"wp-block-heading\">Enfants<\/h5>\n\n\n\n<p>Nous n'avons pas l'intention de collecter ou nous ne collectons pas sciemment des informations sur les enfants. Nos services ne ciblent pas les enfants.<\/p>\n\n\n\n<h5 class=\"wp-block-heading\" id=\"gdpr-cookies\">Cookies et autres technologies utilis\u00e9es<\/h5>\n\n\n\n<p>Nous utilisons des cookies et\/ou des technologies similaires pour analyser le comportement des clients, administrer le site web, suivre les mouvements des utilisateurs et collecter des informations sur les utilisateurs. Ceci afin de personnaliser et d'am\u00e9liorer votre exp\u00e9rience avec nous.<\/p>\n\n\n\n<p>Un cookie est un petit fichier texte stock\u00e9 sur votre ordinateur. Les cookies stockent des informations qui sont utilis\u00e9es pour faciliter le fonctionnement des sites. Nous sommes les seuls \u00e0 pouvoir acc\u00e9der aux cookies cr\u00e9\u00e9s par notre site web. Vous pouvez contr\u00f4ler vos cookies au niveau du navigateur. Le choix de d\u00e9sactiver les cookies peut entraver l'utilisation de certaines fonctions.<\/p>\n\n\n\n<p><strong>Nous utilisons des cookies aux fins suivantes :<\/strong><\/p>\n\n\n\n<ul class=\"wp-block-list\">\n<li>Cookies n\u00e9cessaires - ces cookies sont n\u00e9cessaires pour que vous puissiez utiliser certaines fonctions importantes de notre site web, telles que la connexion. Ces cookies ne collectent aucune information personnelle.<\/li>\n\n\n\n<li>Cookies de fonctionnalit\u00e9 - ces cookies fournissent des fonctionnalit\u00e9s qui rendent l'utilisation de notre service plus pratique et permettent d'offrir des fonctions plus personnalis\u00e9es. Par exemple, ils peuvent se souvenir de votre nom et de votre adresse \u00e9lectronique dans les formulaires de commentaires afin que vous n'ayez pas \u00e0 saisir \u00e0 nouveau ces informations la prochaine fois que vous commentez.<\/li>\n\n\n\n<li>Cookies analytiques - ces cookies sont utilis\u00e9s pour suivre l'utilisation et les performances de notre site web et de nos services.<\/li>\n\n\n\n<li>Cookies publicitaires - ces cookies sont utilis\u00e9s pour diffuser des publicit\u00e9s pertinentes pour vous et correspondant \u00e0 vos centres d'int\u00e9r\u00eat. En outre, ils sont utilis\u00e9s pour limiter le nombre de fois que vous voyez une publicit\u00e9. Ils sont g\u00e9n\u00e9ralement plac\u00e9s sur le site web par des r\u00e9seaux publicitaires avec l'autorisation de l'op\u00e9rateur du site web. Ces cookies se souviennent que vous avez visit\u00e9 un site web et cette information est partag\u00e9e avec d'autres organisations telles que les annonceurs. Souvent, les cookies de ciblage ou de publicit\u00e9 sont li\u00e9s \u00e0 des fonctionnalit\u00e9s du site fournies par l'autre organisation.<\/li>\n<\/ul>\n\n\n\n<p>Vous pouvez supprimer les cookies stock\u00e9s sur votre ordinateur via les param\u00e8tres de votre navigateur. Vous pouvez \u00e9galement contr\u00f4ler certains cookies de tiers en utilisant une plateforme d'am\u00e9lioration de la confidentialit\u00e9 telle que&nbsp;<a href=\"http:\/\/optout.aboutads.info\/#!\/\" target=\"_blank\" rel=\"noreferrer noopener\">optout.aboutads.info<\/a>&nbsp;ou&nbsp;<a href=\"http:\/\/www.youronlinechoices.com\/\" target=\"_blank\" rel=\"noreferrer noopener\">youronlinechoices.com<\/a>. Pour plus d'informations sur les cookies, consultez le site&nbsp;<a href=\"http:\/\/www.allaboutcookies.org\/\" target=\"_blank\" rel=\"noreferrer noopener\">allaboutcookies.org<\/a>.<\/p>\n\n\n\n<p>Nous utilisons Google Analytics pour mesurer le trafic sur notre site web. Google a sa propre politique de confidentialit\u00e9 que vous pouvez consulter.&nbsp;<a rel=\"noreferrer noopener\" href=\"https:\/\/support.google.com\/analytics\/answer\/6004245\" target=\"_blank\">ici<\/a>. Si vous souhaitez d\u00e9sactiver le suivi par Google Analytics, consultez la page d'accueil de Google Analytics.&nbsp;<a rel=\"noreferrer noopener\" href=\"https:\/\/tools.google.com\/dlpage\/gaoptout\" target=\"_blank\">Page de d\u00e9sinscription de Google Analytics<\/a>.<\/p>\n\n\n\n<p><\/p>\n\n\n\n<h5 class=\"wp-block-heading\" id=\"gdpr-contact\">Information de contact<\/h5>\n\n\n\n<p>Autorit\u00e9 de contr\u00f4le<br>Site Internet :&nbsp;<a rel=\"noreferrer noopener\" href=\"http:\/\/www.cnil.fr\/\" target=\"_blank\">http:\/\/www.cnil.fr\/<\/a>&nbsp;<br>T\u00e9l\u00e9phone : +33 1 53 73 22 22<\/p>\n\n\n\n<p><\/p>\n\n\n\n<h5 class=\"wp-block-heading\" id=\"gdpr-changes\">Modifications de la politique de protection des donn\u00e9es<\/h5>\n\n\n\n<p>Nous nous r\u00e9servons le droit de modifier la pr\u00e9sente politique de confidentialit\u00e9.<br>Derni\u00e8re modification le 1er mai 2023<\/p>","protected":false},"excerpt":{"rendered":"<p>Maison Secondaire is committed to safeguarding your privacy. Contact us at&nbsp;info@maison2nd.com&nbsp;if you have any questions or problems regarding the use of your Personal Data&nbsp;and we will gladly assist you. By using this site or\/and our services, you consent to the Processing of your Personal Data as described in this Privacy Policy. Definitions Personal Data&nbsp;\u2013 any [&hellip;]<\/p>\n","protected":false},"author":1,"featured_media":0,"parent":0,"menu_order":0,"comment_status":"closed","ping_status":"closed","template":"","meta":{"_coblocks_attr":"","_coblocks_dimensions":"","_coblocks_responsive_height":"","_coblocks_accordion_ie_support":"","hide_page_title":"","footnotes":""},"class_list":["post-3","page","type-page","status-publish","hentry"],"_links":{"self":[{"href":"https:\/\/maison2nd.com\/fr\/wp-json\/wp\/v2\/pages\/3","targetHints":{"allow":["GET"]}}],"collection":[{"href":"https:\/\/maison2nd.com\/fr\/wp-json\/wp\/v2\/pages"}],"about":[{"href":"https:\/\/maison2nd.com\/fr\/wp-json\/wp\/v2\/types\/page"}],"author":[{"embeddable":true,"href":"https:\/\/maison2nd.com\/fr\/wp-json\/wp\/v2\/users\/1"}],"replies":[{"embeddable":true,"href":"https:\/\/maison2nd.com\/fr\/wp-json\/wp\/v2\/comments?post=3"}],"version-history":[{"count":4,"href":"https:\/\/maison2nd.com\/fr\/wp-json\/wp\/v2\/pages\/3\/revisions"}],"predecessor-version":[{"id":264,"href":"https:\/\/maison2nd.com\/fr\/wp-json\/wp\/v2\/pages\/3\/revisions\/264"}],"wp:attachment":[{"href":"https:\/\/maison2nd.com\/fr\/wp-json\/wp\/v2\/media?parent=3"}],"curies":[{"name":"wp","href":"https:\/\/api.w.org\/{rel}","templated":true}]}}