{"id":29,"date":"2022-11-10T10:43:11","date_gmt":"2022-11-10T10:43:11","guid":{"rendered":"https:\/\/maison2nd.com\/about\/"},"modified":"2026-03-25T14:08:05","modified_gmt":"2026-03-25T14:08:05","slug":"about","status":"publish","type":"page","link":"https:\/\/maison2nd.com\/fr\/","title":{"rendered":"Qui sommes-nous"},"content":{"rendered":"<figure class=\"wp-block-image alignwide size-medium\"><img loading=\"lazy\" decoding=\"async\" width=\"400\" height=\"711\" src=\"https:\/\/maison2nd.com\/wp-content\/uploads\/2022\/11\/front-door4-edited.jpg\" alt=\"\" class=\"wp-image-108\" srcset=\"https:\/\/maison2nd.com\/wp-content\/uploads\/2022\/11\/front-door4-edited.jpg 400w, https:\/\/maison2nd.com\/wp-content\/uploads\/2022\/11\/front-door4-edited-169x300.jpg 169w\" sizes=\"auto, (max-width: 400px) 100vw, 400px\" \/><\/figure>\n\n\n\n<div class=\"wp-block-buttons is-content-justification-center is-layout-flex wp-container-core-buttons-is-layout-16018d1d wp-block-buttons-is-layout-flex\">\n<div class=\"wp-block-button\"><a class=\"wp-block-button__link wp-element-button\" href=\"mailto:info@maison2nd.com\"><strong>Contactez-nous<\/strong><\/a><\/div>\n<\/div>\n\n\n\n<div style=\"height:39px\" aria-hidden=\"true\" class=\"wp-block-spacer\"><\/div>\n\n\n\n<p>Owned and managed by Peter &amp;  Abi Lowth, Maison Secondaire offers a selection of solutions for second home owners in the Deux-S\u00e8vres &amp; Vend\u00e9e departments in western France.<\/p>\n\n\n\n<p><\/p>\n\n\n\n<p class=\"has-text-align-center\"><\/p>\n\n\n\n<ul class=\"wp-block-list\">\n<li><strong><a href=\"https:\/\/maison2nd.com\/fr\/maintenance\/\">Travaux d'entretien<\/a><\/strong>\n<ul class=\"wp-block-list\">\n<li>Garden &#8211; including lawn-mowing, strimming, hedge-cutting and weeding<\/li>\n\n\n\n<li>Nettoyage - nettoyage en profondeur, nettoyages hebdomadaires, blanchisserie, petits travaux d'entretien comme les robinets qui gouttent et les retouches de peinture.<\/li>\n<\/ul>\n<\/li>\n\n\n\n<li><strong><a href=\"https:\/\/maison2nd.com\/fr\/welcome-service\/\">Service d'accueil<\/a><\/strong> - personne ne souhaite passer le premier jour de ses pr\u00e9cieuses vacances \u00e0 a\u00e9rer ou \u00e0 nettoyer sa r\u00e9sidence secondaire !  Nous proposons un service de bienvenue, dans le cadre duquel les maisons sont v\u00e9rifi\u00e9es, a\u00e9r\u00e9es et nettoy\u00e9es avant votre arriv\u00e9e. Il ne vous reste plus qu'\u00e0 entrer et \u00e0 vous d\u00e9tendre !<\/li>\n\n\n\n<li><strong><a href=\"https:\/\/maison2nd.com\/fr\/gite-management\/\">Gestion des g\u00eetes<\/a> &#8211;<\/strong> si vous louez votre gite et que vous avez des clients r\u00e9guliers, nous pouvons vous proposer un service de nettoyage et de v\u00e9rification \u00e0 l'arriv\u00e9e et au d\u00e9part des clients. Des inventaires et des photos avant\/apr\u00e8s sont inclus pour votre tranquillit\u00e9 d'esprit.<\/li>\n\n\n\n<li><strong><a href=\"https:\/\/maison2nd.com\/fr\/marketing\/\">Marketing<\/a><\/strong> Vous voulez tirer le meilleur parti de votre r\u00e9sidence secondaire, mais vous ne savez pas par o\u00f9 commencer ?  Ayant pass\u00e9 les 25 derni\u00e8res ann\u00e9es en tant que consultante en marketing au Royaume-Uni, Abi s'y conna\u00eet en marketing.  Elle peut vous aider \u00e0 inscrire votre propri\u00e9t\u00e9 sur tous les sites de r\u00e9servation, \u00e0 g\u00e9rer vos m\u00e9dias sociaux et m\u00eame \u00e0 prendre les photos et \u00e0 styliser les pi\u00e8ces pour obtenir la meilleure image possible !<\/li>\n\n\n\n<li><strong><a href=\"https:\/\/maison2nd.com\/fr\/house-clearance\/\">Maison Liquidation<\/a><\/strong> Vous retournez vivre au Royaume-Uni ? Dans ce cas, nous pouvons vous aider \u00e0 d\u00e9barrasser votre r\u00e9sidence secondaire pour qu'elle soit pr\u00eate \u00e0 accueillir vos nouveaux acqu\u00e9reurs.<\/li>\n<\/ul>\n\n\n\n<p class=\"has-text-align-center\"><strong>Contact us at: info@maison2nd.com<\/strong><\/p>\n\n\n\n<p><\/p>\n\n\n\n<figure class=\"wp-block-gallery alignwide has-nested-images columns-2 is-cropped wp-block-gallery-1 is-layout-flex wp-block-gallery-is-layout-flex\">\n<figure class=\"wp-block-image size-full has-lightbox\"><a href=\"https:\/\/maison2nd.com\/fr\/maintenance\/\"><img loading=\"lazy\" decoding=\"async\" width=\"660\" height=\"360\" data-id=\"48\" src=\"https:\/\/maison2nd.com\/wp-content\/uploads\/2022\/11\/garden2.jpg\" alt=\"\" class=\"wp-image-48\" srcset=\"https:\/\/maison2nd.com\/wp-content\/uploads\/2022\/11\/garden2.jpg 660w, https:\/\/maison2nd.com\/wp-content\/uploads\/2022\/11\/garden2-300x164.jpg 300w\" sizes=\"auto, (max-width: 660px) 100vw, 660px\" \/><\/a><\/figure>\n\n\n\n<figure class=\"wp-block-image size-large has-lightbox\"><a href=\"https:\/\/maison2nd.com\/fr\/gite-management\/\"><img loading=\"lazy\" decoding=\"async\" width=\"1024\" height=\"683\" data-id=\"75\" src=\"https:\/\/maison2nd.com\/wp-content\/uploads\/2022\/11\/logan-nolin-EvceCyopkKI-unsplash-1-1024x683.jpg\" alt=\"\" class=\"wp-image-75\" srcset=\"https:\/\/maison2nd.com\/wp-content\/uploads\/2022\/11\/logan-nolin-EvceCyopkKI-unsplash-1-1024x683.jpg 1024w, https:\/\/maison2nd.com\/wp-content\/uploads\/2022\/11\/logan-nolin-EvceCyopkKI-unsplash-1-300x200.jpg 300w, https:\/\/maison2nd.com\/wp-content\/uploads\/2022\/11\/logan-nolin-EvceCyopkKI-unsplash-1-768x512.jpg 768w, https:\/\/maison2nd.com\/wp-content\/uploads\/2022\/11\/logan-nolin-EvceCyopkKI-unsplash-1-1536x1024.jpg 1536w, https:\/\/maison2nd.com\/wp-content\/uploads\/2022\/11\/logan-nolin-EvceCyopkKI-unsplash-1-2048x1365.jpg 2048w\" sizes=\"auto, (max-width: 1024px) 100vw, 1024px\" \/><\/a><\/figure>\n\n\n\n<figure class=\"wp-block-image size-large has-lightbox\"><a href=\"https:\/\/maison2nd.com\/fr\/welcome-service\/\"><img loading=\"lazy\" decoding=\"async\" width=\"683\" height=\"1024\" data-id=\"73\" src=\"https:\/\/maison2nd.com\/wp-content\/uploads\/2022\/11\/daiga-ellaby-uooMllXe6gE-unsplash-683x1024.jpg\" alt=\"\" class=\"wp-image-73\" srcset=\"https:\/\/maison2nd.com\/wp-content\/uploads\/2022\/11\/daiga-ellaby-uooMllXe6gE-unsplash-683x1024.jpg 683w, https:\/\/maison2nd.com\/wp-content\/uploads\/2022\/11\/daiga-ellaby-uooMllXe6gE-unsplash-200x300.jpg 200w, https:\/\/maison2nd.com\/wp-content\/uploads\/2022\/11\/daiga-ellaby-uooMllXe6gE-unsplash-768x1152.jpg 768w, https:\/\/maison2nd.com\/wp-content\/uploads\/2022\/11\/daiga-ellaby-uooMllXe6gE-unsplash-1024x1536.jpg 1024w, https:\/\/maison2nd.com\/wp-content\/uploads\/2022\/11\/daiga-ellaby-uooMllXe6gE-unsplash-1365x2048.jpg 1365w, https:\/\/maison2nd.com\/wp-content\/uploads\/2022\/11\/daiga-ellaby-uooMllXe6gE-unsplash-scaled.jpg 1707w\" sizes=\"auto, (max-width: 683px) 100vw, 683px\" \/><\/a><\/figure>\n\n\n\n<figure class=\"wp-block-image size-large has-lightbox\"><a href=\"https:\/\/maison2nd.com\/fr\/marketing\/\"><img loading=\"lazy\" decoding=\"async\" width=\"683\" height=\"1024\" data-id=\"60\" src=\"https:\/\/maison2nd.com\/wp-content\/uploads\/2022\/11\/bookings4-683x1024.jpg\" alt=\"\" class=\"wp-image-60\" srcset=\"https:\/\/maison2nd.com\/wp-content\/uploads\/2022\/11\/bookings4-683x1024.jpg 683w, https:\/\/maison2nd.com\/wp-content\/uploads\/2022\/11\/bookings4-200x300.jpg 200w, https:\/\/maison2nd.com\/wp-content\/uploads\/2022\/11\/bookings4-768x1152.jpg 768w, https:\/\/maison2nd.com\/wp-content\/uploads\/2022\/11\/bookings4-1024x1536.jpg 1024w, https:\/\/maison2nd.com\/wp-content\/uploads\/2022\/11\/bookings4-1365x2048.jpg 1365w, https:\/\/maison2nd.com\/wp-content\/uploads\/2022\/11\/bookings4-scaled.jpg 1707w\" sizes=\"auto, (max-width: 683px) 100vw, 683px\" \/><\/a><\/figure>\n<\/figure>","protected":false},"excerpt":{"rendered":"<p>Owned and managed by Peter &amp; Abi Lowth, Maison Secondaire offers a selection of solutions for second home owners in the Deux-S\u00e8vres &amp; Vend\u00e9e departments in western France. Contact us at: info@maison2nd.com<\/p>","protected":false},"author":1,"featured_media":0,"parent":0,"menu_order":0,"comment_status":"closed","ping_status":"closed","template":"","meta":{"_coblocks_attr":"","_coblocks_dimensions":"","_coblocks_responsive_height":"","_coblocks_accordion_ie_support":"","hide_page_title":"","footnotes":""},"class_list":["post-29","page","type-page","status-publish","hentry"],"_links":{"self":[{"href":"https:\/\/maison2nd.com\/fr\/wp-json\/wp\/v2\/pages\/29","targetHints":{"allow":["GET"]}}],"collection":[{"href":"https:\/\/maison2nd.com\/fr\/wp-json\/wp\/v2\/pages"}],"about":[{"href":"https:\/\/maison2nd.com\/fr\/wp-json\/wp\/v2\/types\/page"}],"author":[{"embeddable":true,"href":"https:\/\/maison2nd.com\/fr\/wp-json\/wp\/v2\/users\/1"}],"replies":[{"embeddable":true,"href":"https:\/\/maison2nd.com\/fr\/wp-json\/wp\/v2\/comments?post=29"}],"version-history":[{"count":30,"href":"https:\/\/maison2nd.com\/fr\/wp-json\/wp\/v2\/pages\/29\/revisions"}],"predecessor-version":[{"id":284,"href":"https:\/\/maison2nd.com\/fr\/wp-json\/wp\/v2\/pages\/29\/revisions\/284"}],"wp:attachment":[{"href":"https:\/\/maison2nd.com\/fr\/wp-json\/wp\/v2\/media?parent=29"}],"curies":[{"name":"wp","href":"https:\/\/api.w.org\/{rel}","templated":true}]}}