{"id":145,"date":"2023-01-08T21:08:53","date_gmt":"2023-01-08T21:08:53","guid":{"rendered":"https:\/\/maison2nd.com\/?page_id=145"},"modified":"2023-05-09T14:56:34","modified_gmt":"2023-05-09T14:56:34","slug":"house-clearance","status":"publish","type":"page","link":"https:\/\/maison2nd.com\/fr\/house-clearance\/","title":{"rendered":"Maison Liquidation"},"content":{"rendered":"<figure class=\"wp-block-image size-full is-resized\"><img loading=\"lazy\" decoding=\"async\" src=\"https:\/\/maison2nd.com\/wp-content\/uploads\/2023\/01\/removal-image.jpg\" alt=\"\" class=\"wp-image-146\" width=\"670\" height=\"155\"\/><\/figure>\n\n\n\n<p>Vous avez d\u00e9cid\u00e9 de vendre votre r\u00e9sidence secondaire et vous avez besoin d'aide pour le d\u00e9blaiement.  <\/p>\n\n\n\n<p>Nous offrons:-<\/p>\n\n\n\n<ul class=\"wp-block-list\">\n<li>\"un homme sur mesure et van service\" pour aider \u00e0 vider votre propri\u00e9t\u00e9<\/li>\n<\/ul>\n\n\n\n<ul class=\"wp-block-list\">\n<li>aider \u00e0 la revente d'articles afin d'\u00e9conomiser les frais de transport vers le Royaume-Uni <\/li>\n<\/ul>\n\n\n\n<ul class=\"wp-block-list\">\n<li>la liaison avec Emma\u00fcs pour les objets que vous pr\u00e9f\u00e9rez donner \u00e0 une association caritative<\/li>\n<\/ul>\n\n\n\n<p><\/p>\n\n\n\n<p>Les co\u00fbts d\u00e9pendent de la taille de la propri\u00e9t\u00e9 et de la quantit\u00e9 d'objets \u00e0 d\u00e9barrasser.   Nous proposons ce service dans le nord des Deux S\u00e8vres, dans un rayon de 30 miles autour de 79380 Moncountant.<\/p>\n\n\n\n<p><\/p>\n\n\n\n<p>Pour en savoir plus:<\/p>\n\n\n\n<div class=\"wp-block-buttons is-content-justification-center is-layout-flex wp-container-core-buttons-is-layout-16018d1d wp-block-buttons-is-layout-flex\">\n<div class=\"wp-block-button\"><a class=\"wp-block-button__link wp-element-button\" href=\"mailto:info@maison2nd.com\"><strong>Contactez-nous<\/strong><\/a><\/div>\n<\/div>","protected":false},"excerpt":{"rendered":"<p>You have decided to sell your second home and you need help with clearance. We offer:- Costs are dependent upon size of property and the quantity of items to clear. We offer this service in north Deux S\u00e8vres, a 30 mile radius of 79380 Moncountant. For more information:<\/p>","protected":false},"author":1,"featured_media":0,"parent":0,"menu_order":0,"comment_status":"closed","ping_status":"closed","template":"","meta":{"_coblocks_attr":"","_coblocks_dimensions":"","_coblocks_responsive_height":"","_coblocks_accordion_ie_support":"","hide_page_title":"","footnotes":""},"class_list":["post-145","page","type-page","status-publish","hentry"],"_links":{"self":[{"href":"https:\/\/maison2nd.com\/fr\/wp-json\/wp\/v2\/pages\/145","targetHints":{"allow":["GET"]}}],"collection":[{"href":"https:\/\/maison2nd.com\/fr\/wp-json\/wp\/v2\/pages"}],"about":[{"href":"https:\/\/maison2nd.com\/fr\/wp-json\/wp\/v2\/types\/page"}],"author":[{"embeddable":true,"href":"https:\/\/maison2nd.com\/fr\/wp-json\/wp\/v2\/users\/1"}],"replies":[{"embeddable":true,"href":"https:\/\/maison2nd.com\/fr\/wp-json\/wp\/v2\/comments?post=145"}],"version-history":[{"count":3,"href":"https:\/\/maison2nd.com\/fr\/wp-json\/wp\/v2\/pages\/145\/revisions"}],"predecessor-version":[{"id":214,"href":"https:\/\/maison2nd.com\/fr\/wp-json\/wp\/v2\/pages\/145\/revisions\/214"}],"wp:attachment":[{"href":"https:\/\/maison2nd.com\/fr\/wp-json\/wp\/v2\/media?parent=145"}],"curies":[{"name":"wp","href":"https:\/\/api.w.org\/{rel}","templated":true}]}}