{"id":142,"date":"2023-01-08T20:44:53","date_gmt":"2023-01-08T20:44:53","guid":{"rendered":"https:\/\/maison2nd.com\/?page_id=142"},"modified":"2023-05-09T15:01:32","modified_gmt":"2023-05-09T15:01:32","slug":"gite-management","status":"publish","type":"page","link":"https:\/\/maison2nd.com\/fr\/gite-management\/","title":{"rendered":"Gestion des g\u00eetes"},"content":{"rendered":"<figure class=\"wp-block-image size-large\"><img loading=\"lazy\" decoding=\"async\" width=\"1024\" height=\"683\" src=\"https:\/\/maison2nd.com\/wp-content\/uploads\/2022\/11\/logan-nolin-EvceCyopkKI-unsplash-1-1024x683.jpg\" alt=\"\" class=\"wp-image-75\" srcset=\"https:\/\/maison2nd.com\/wp-content\/uploads\/2022\/11\/logan-nolin-EvceCyopkKI-unsplash-1-1024x683.jpg 1024w, https:\/\/maison2nd.com\/wp-content\/uploads\/2022\/11\/logan-nolin-EvceCyopkKI-unsplash-1-300x200.jpg 300w, https:\/\/maison2nd.com\/wp-content\/uploads\/2022\/11\/logan-nolin-EvceCyopkKI-unsplash-1-768x512.jpg 768w, https:\/\/maison2nd.com\/wp-content\/uploads\/2022\/11\/logan-nolin-EvceCyopkKI-unsplash-1-1536x1024.jpg 1536w, https:\/\/maison2nd.com\/wp-content\/uploads\/2022\/11\/logan-nolin-EvceCyopkKI-unsplash-1-2048x1365.jpg 2048w\" sizes=\"auto, (max-width: 1024px) 100vw, 1024px\" \/><\/figure>\n\n\n\n<h3 class=\"wp-block-heading has-text-align-center\">Louez-vous votre maison secondaire ?<\/h3>\n\n\n\n<p class=\"has-text-align-left\">Nous proposons un service de gestion de g\u00eetes et de garde de cl\u00e9s pour les propri\u00e9taires de r\u00e9sidences secondaires qui louent leurs biens et souhaitent un contact local et un service pour pr\u00e9parer leurs biens.<\/p>\n\n\n\n<p class=\"has-text-align-left\"><\/p>\n\n\n\n<p class=\"has-text-align-left\">Maison Secondaire gardera les cl\u00e9s, pr\u00e9parera votre propri\u00e9t\u00e9 pour chaque p\u00e9riode de location avec le nettoyage, la pr\u00e9paration des lits, les paquets de bienvenue, etc.  Un service similaire est \u00e9galement propos\u00e9 au moment du d\u00e9part, pour dire au revoir \u00e0 vos invit\u00e9s, s'assurer qu'ils ont pass\u00e9 un bon s\u00e9jour et nettoyer votre maison.<\/p>\n\n\n\n<p><\/p>\n\n\n\n<p class=\"has-text-align-left\">Nous pouvons \u00e9galement fournir un service de blanchisserie pour chaque changement.<\/p>\n\n\n\n<p class=\"has-text-align-left\"><\/p>\n\n\n\n<p class=\"has-text-align-left\">Pour plus d'informations et pour discuter de vos options :<\/p>\n\n\n\n<p><\/p>\n\n\n\n<div class=\"wp-block-buttons is-content-justification-center is-layout-flex wp-container-core-buttons-is-layout-16018d1d wp-block-buttons-is-layout-flex\">\n<div class=\"wp-block-button\"><a class=\"wp-block-button__link wp-element-button\" href=\"mailto:info@maison2nd.com\"><strong>Contactez-nous<\/strong><\/a><\/div>\n<\/div>","protected":false},"excerpt":{"rendered":"<p>Do you rent out your second home? We offer a G\u00eete Management and Key Holding service for those second home owners who rent out their properties and want a local contact and service to prepare their properties. Maison Secondaire will keep you keys, prepare your property for each rental period with cleaning, bed making, welcome [&hellip;]<\/p>\n","protected":false},"author":1,"featured_media":0,"parent":0,"menu_order":0,"comment_status":"closed","ping_status":"closed","template":"","meta":{"_coblocks_attr":"","_coblocks_dimensions":"","_coblocks_responsive_height":"","_coblocks_accordion_ie_support":"","hide_page_title":"","footnotes":""},"class_list":["post-142","page","type-page","status-publish","hentry"],"_links":{"self":[{"href":"https:\/\/maison2nd.com\/fr\/wp-json\/wp\/v2\/pages\/142","targetHints":{"allow":["GET"]}}],"collection":[{"href":"https:\/\/maison2nd.com\/fr\/wp-json\/wp\/v2\/pages"}],"about":[{"href":"https:\/\/maison2nd.com\/fr\/wp-json\/wp\/v2\/types\/page"}],"author":[{"embeddable":true,"href":"https:\/\/maison2nd.com\/fr\/wp-json\/wp\/v2\/users\/1"}],"replies":[{"embeddable":true,"href":"https:\/\/maison2nd.com\/fr\/wp-json\/wp\/v2\/comments?post=142"}],"version-history":[{"count":4,"href":"https:\/\/maison2nd.com\/fr\/wp-json\/wp\/v2\/pages\/142\/revisions"}],"predecessor-version":[{"id":218,"href":"https:\/\/maison2nd.com\/fr\/wp-json\/wp\/v2\/pages\/142\/revisions\/218"}],"wp:attachment":[{"href":"https:\/\/maison2nd.com\/fr\/wp-json\/wp\/v2\/media?parent=142"}],"curies":[{"name":"wp","href":"https:\/\/api.w.org\/{rel}","templated":true}]}}